{"id":9,"date":"2023-03-02T12:34:55","date_gmt":"2023-03-02T11:34:55","guid":{"rendered":"https:\/\/mars-mercure-charleroi.be\/?page_id=9"},"modified":"2026-05-03T06:27:20","modified_gmt":"2026-05-03T04:27:20","slug":"accueil","status":"publish","type":"page","link":"https:\/\/mars-mercure-charleroi.be\/","title":{"rendered":"Accueil"},"content":{"rendered":"\n<figure class=\"wp-block-image aligncenter size-full\"><a href=\"https:\/\/mars-mercurius.be\/journee-nationale-dag\/\" target=\"_blank\" rel=\" noreferrer noopener\"><img loading=\"lazy\" decoding=\"async\" width=\"304\" height=\"400\" src=\"https:\/\/mars-mercure-charleroi.be\/wp-content\/uploads\/2026\/05\/MxM100_Transparant304x400.webp\" alt=\"\" class=\"wp-image-4149\" srcset=\"https:\/\/mars-mercure-charleroi.be\/wp-content\/uploads\/2026\/05\/MxM100_Transparant304x400.webp 304w, https:\/\/mars-mercure-charleroi.be\/wp-content\/uploads\/2026\/05\/MxM100_Transparant304x400-228x300.webp 228w\" sizes=\"auto, (max-width: 304px) 100vw, 304px\" \/><\/a><\/figure>\n\n\n\n<p class=\"has-text-align-center\"><strong><mark style=\"background-color:rgba(0, 0, 0, 0)\" class=\"has-inline-color has-cm-color-1-color\"><a href=\"https:\/\/mars-mercurius.be\/journee-nationale-dag\/\" target=\"_blank\" rel=\"noreferrer noopener\">Cercle Royal Mars &amp; Mercure asbl<br>\u00ab 100 ans de solidarit\u00e9 et d\u2019engagement \u00bb<\/a><\/mark><\/strong><\/p>\n\n\n\n<p>Chers membres, chers sympathisants,<\/p>\n\n\n\n<p>En septembre 2026, notre Cercle Royal Mars &amp; Mercure franchira une \u00e9tape exceptionnelle :&nbsp;<strong>100 ans<\/strong>&nbsp;d\u2019amiti\u00e9, d\u2019engagement et de service envers nos membres et envers la soci\u00e9t\u00e9.<br>Un si\u00e8cle au cours duquel notre Cercle est devenu un r\u00e9seau socio-professionnel moderne et solide, tourn\u00e9 vers l\u2019avenir, attentif \u00e0 la s\u00e9curit\u00e9, \u00e0 la d\u00e9fense, \u00e0 l\u2019\u00e9conomie et aux grands d\u00e9fis soci\u00e9taux de notre \u00e9poque.<\/p>\n\n\n\n<p>C\u2019est avec fiert\u00e9 que nous vous invitons \u00e0 c\u00e9l\u00e9brer ensemble cet anniversaire au prestigieux&nbsp;<strong>Palais d\u2019Egmont<\/strong>&nbsp;\u00e0 Bruxelles.<br>Au programme notamment : une s\u00e9ance acad\u00e9mique solennelle au cours de laquelle nous mettrons \u00e0 l\u2019honneur notre riche histoire, nos valeurs et notre r\u00f4le dans le monde d\u2019aujourd\u2019hui et de demain.<\/p>\n\n\n\n<p>Cette rencontre sera festive, dans l\u2019esprit qui nous unit :&nbsp;<strong>\u00e9l\u00e9gance, inspiration et convivialit\u00e9<\/strong>.<br>Plus d\u2019informations concernant la date, l\u2019heure et l\u2019inscription suivront bient\u00f4t.<\/p>\n\n\n\n<p class=\"has-text-align-center\"><a href=\"https:\/\/mars-mercurius.be\/journee-nationale-dag\/\" target=\"_blank\" rel=\"noreferrer noopener\"><mark style=\"background-color:rgba(0, 0, 0, 0)\" class=\"has-inline-color has-cm-color-1-color\">Notez d\u00e8s \u00e0 pr\u00e9sent :\u00a0<strong>cet anniversaire du si\u00e8cle sera un moment \u00e0 partager, \u00e0 se rem\u00e9morer et<\/strong><\/mark><br><mark style=\"background-color:rgba(0, 0, 0, 0)\" class=\"has-inline-color has-cm-color-1-color\"><strong>\u00e0 tourner vers l\u2019avenir, avec vous !<\/strong><\/mark><\/a><\/p>\n\n\n\n<p><\/p>\n","protected":false},"excerpt":{"rendered":"<p>Cercle Royal Mars &amp; Mercure asbl\u00ab 100 ans de solidarit\u00e9 et d\u2019engagement \u00bb Chers membres, chers sympathisants, En septembre 2026,<\/p>\n","protected":false},"author":1,"featured_media":0,"parent":0,"menu_order":0,"comment_status":"closed","ping_status":"closed","template":"","meta":{"colormag_page_container_layout":"default_layout","colormag_page_sidebar_layout":"default_layout","footnotes":""},"class_list":["post-9","page","type-page","status-publish","hentry"],"_links":{"self":[{"href":"https:\/\/mars-mercure-charleroi.be\/index.php?rest_route=\/wp\/v2\/pages\/9","targetHints":{"allow":["GET"]}}],"collection":[{"href":"https:\/\/mars-mercure-charleroi.be\/index.php?rest_route=\/wp\/v2\/pages"}],"about":[{"href":"https:\/\/mars-mercure-charleroi.be\/index.php?rest_route=\/wp\/v2\/types\/page"}],"author":[{"embeddable":true,"href":"https:\/\/mars-mercure-charleroi.be\/index.php?rest_route=\/wp\/v2\/users\/1"}],"replies":[{"embeddable":true,"href":"https:\/\/mars-mercure-charleroi.be\/index.php?rest_route=%2Fwp%2Fv2%2Fcomments&post=9"}],"version-history":[{"count":11,"href":"https:\/\/mars-mercure-charleroi.be\/index.php?rest_route=\/wp\/v2\/pages\/9\/revisions"}],"predecessor-version":[{"id":4152,"href":"https:\/\/mars-mercure-charleroi.be\/index.php?rest_route=\/wp\/v2\/pages\/9\/revisions\/4152"}],"wp:attachment":[{"href":"https:\/\/mars-mercure-charleroi.be\/index.php?rest_route=%2Fwp%2Fv2%2Fmedia&parent=9"}],"curies":[{"name":"wp","href":"https:\/\/api.w.org\/{rel}","templated":true}]}}