{"id":57,"date":"2023-03-02T13:28:06","date_gmt":"2023-03-02T12:28:06","guid":{"rendered":"https:\/\/mars-mercure-charleroi.be\/?page_id=57"},"modified":"2026-01-20T03:49:06","modified_gmt":"2026-01-20T02:49:06","slug":"revue-club","status":"publish","type":"page","link":"https:\/\/mars-mercure-charleroi.be\/?page_id=57","title":{"rendered":"Revue Club"},"content":{"rendered":"\n<p><\/p>\n\n\n\n<p>Revue du 4\u00e8me trimestre 2025 : <a href=\"https:\/\/mars-mercure-charleroi.be\/wp-content\/uploads\/2026\/01\/Revue-Mail-4-2025-MM-CHA-R.pdf\">t\u00e9l\u00e9charger<\/a><\/p>\n\n\n\n<p>Revue du 3\u00e8me trimestre 2025 : <a href=\"https:\/\/mars-mercure-charleroi.be\/wp-content\/uploads\/2025\/10\/Revue-Mail-2025-3-R.pdf\">t\u00e9l\u00e9charger<\/a><\/p>\n\n\n\n<p>Revue du 2\u00e8me trimestre 2025 : <a href=\"https:\/\/mars-mercure-charleroi.be\/wp-content\/uploads\/2025\/07\/Revue-Mail-MM-CHA-2025-2-R.pdf\" data-type=\"link\" data-id=\"https:\/\/mars-mercure-charleroi.be\/wp-content\/uploads\/2024\/10\/Revue-MM-CHA-Mail-3-2024.pdf\" target=\"_blank\" rel=\"noreferrer noopener\">t\u00e9l\u00e9charger<\/a><\/p>\n\n\n\n<p>Revue du 1er trimestre 2025 : <a href=\"https:\/\/mars-mercure-charleroi.be\/wp-content\/uploads\/2025\/04\/Revue-Mail-2025-1-2.pdf\" data-type=\"link\" data-id=\"https:\/\/mars-mercure-charleroi.be\/wp-content\/uploads\/2024\/10\/Revue-MM-CHA-Mail-3-2024.pdf\" target=\"_blank\" rel=\"noreferrer noopener\">t\u00e9l\u00e9charger<\/a><\/p>\n\n\n\n<p>Revue du 4\u00e8me trimestre 2024 : <a href=\"https:\/\/mars-mercure-charleroi.be\/wp-content\/uploads\/2024\/12\/Revue-Mail-4-2024.pdf\" data-type=\"link\" data-id=\"https:\/\/mars-mercure-charleroi.be\/wp-content\/uploads\/2024\/10\/Revue-MM-CHA-Mail-3-2024.pdf\" target=\"_blank\" rel=\"noreferrer noopener\">t\u00e9l\u00e9charger<\/a><\/p>\n\n\n\n<p>Revue du 3\u00e8me trimestre 2024 : <a href=\"https:\/\/mars-mercure-charleroi.be\/wp-content\/uploads\/2024\/10\/Revue-MM-CHA-Mail-3-2024.pdf\" data-type=\"link\" data-id=\"https:\/\/mars-mercure-charleroi.be\/wp-content\/uploads\/2024\/10\/Revue-MM-CHA-Mail-3-2024.pdf\" target=\"_blank\" rel=\"noreferrer noopener\">t\u00e9l\u00e9charger<\/a><\/p>\n\n\n\n<p>Revue du 2\u00e8me trimestre 2024 : <a href=\"https:\/\/mars-mercure-charleroi.be\/wp-content\/uploads\/2024\/07\/Revue-MM-CHA-website-2024-2.pdf\" target=\"_blank\" rel=\"noreferrer noopener\">t\u00e9l\u00e9charger<\/a><\/p>\n\n\n\n<p>Revue du 1er trimestre 2024 : <a href=\"https:\/\/mars-mercure-charleroi.be\/wp-content\/uploads\/2024\/03\/Revue-MM-CHA-mail-1-2024.pdf\" data-type=\"link\" data-id=\"https:\/\/mars-mercure-charleroi.be\/wp-content\/uploads\/2024\/03\/Revue-MM-CHA-mail-1-2024.pdf\" target=\"_blank\" rel=\"noreferrer noopener\">t\u00e9l\u00e9charger<\/a><\/p>\n\n\n\n<p>Revue du 4\u00e8me trimestre 2023 : <a href=\"https:\/\/mars-mercure-charleroi.be\/wp-content\/uploads\/2023\/12\/Rev-MM-Cha-4-2023.pdf\" data-type=\"link\" data-id=\"https:\/\/mars-mercure-charleroi.be\/wp-content\/uploads\/2023\/12\/Rev-MM-Cha-4-2023.pdf\" target=\"_blank\" rel=\"noreferrer noopener\">t\u00e9l\u00e9charger<\/a><\/p>\n\n\n\n<p>Revue du 3\u00e8me trimestre 2023 : <a href=\"https:\/\/mars-mercure-charleroi.be\/wp-content\/uploads\/2023\/10\/Rev-MM-Cha-3-2023-Lite.pdf\" target=\"_blank\" rel=\"noreferrer noopener\">t\u00e9l\u00e9charger<\/a><\/p>\n\n\n\n<p>Revue du 2\u00e8me trimestre 2023 : <a rel=\"noreferrer noopener\" href=\"https:\/\/mars-mercure-charleroi.be\/wp-content\/uploads\/2023\/07\/Rev-MM-Cha-2-2023-Mail.pdf\" target=\"_blank\">t\u00e9l\u00e9charger<\/a><\/p>\n\n\n\n<p>Revue du 1er trimestre 2023 : <a href=\"https:\/\/mars-mercure-charleroi.be\/wp-content\/uploads\/2023\/07\/Rev-MM-Cha-1-2023-Mail.pdf\" target=\"_blank\" rel=\"noreferrer noopener\">t\u00e9l\u00e9charger<\/a><\/p>\n\n\n\n<p>Revue du 4\u00e8me trimestre 2022 : <a href=\"https:\/\/mars-mercure-charleroi.be\/wp-content\/uploads\/2023\/03\/123_revue_4eme_trimestre_2022.pdf\" data-type=\"attachment\" data-id=\"131\">t\u00e9l\u00e9charger <\/a><\/p>\n\n\n\n<p><\/p>\n","protected":false},"excerpt":{"rendered":"<p>Revue du 4\u00e8me trimestre 2025 : t\u00e9l\u00e9charger Revue du 3\u00e8me trimestre 2025 : t\u00e9l\u00e9charger Revue du 2\u00e8me trimestre 2025 :<\/p>\n","protected":false},"author":1,"featured_media":0,"parent":0,"menu_order":0,"comment_status":"closed","ping_status":"closed","template":"","meta":{"colormag_page_container_layout":"default_layout","colormag_page_sidebar_layout":"default_layout","footnotes":""},"class_list":["post-57","page","type-page","status-publish","hentry"],"_links":{"self":[{"href":"https:\/\/mars-mercure-charleroi.be\/index.php?rest_route=\/wp\/v2\/pages\/57","targetHints":{"allow":["GET"]}}],"collection":[{"href":"https:\/\/mars-mercure-charleroi.be\/index.php?rest_route=\/wp\/v2\/pages"}],"about":[{"href":"https:\/\/mars-mercure-charleroi.be\/index.php?rest_route=\/wp\/v2\/types\/page"}],"author":[{"embeddable":true,"href":"https:\/\/mars-mercure-charleroi.be\/index.php?rest_route=\/wp\/v2\/users\/1"}],"replies":[{"embeddable":true,"href":"https:\/\/mars-mercure-charleroi.be\/index.php?rest_route=%2Fwp%2Fv2%2Fcomments&post=57"}],"version-history":[{"count":20,"href":"https:\/\/mars-mercure-charleroi.be\/index.php?rest_route=\/wp\/v2\/pages\/57\/revisions"}],"predecessor-version":[{"id":3816,"href":"https:\/\/mars-mercure-charleroi.be\/index.php?rest_route=\/wp\/v2\/pages\/57\/revisions\/3816"}],"wp:attachment":[{"href":"https:\/\/mars-mercure-charleroi.be\/index.php?rest_route=%2Fwp%2Fv2%2Fmedia&parent=57"}],"curies":[{"name":"wp","href":"https:\/\/api.w.org\/{rel}","templated":true}]}}