{"id":47,"date":"2023-03-02T13:22:09","date_gmt":"2023-03-02T12:22:09","guid":{"rendered":"https:\/\/mars-mercure-charleroi.be\/?page_id=47"},"modified":"2024-04-02T08:32:23","modified_gmt":"2024-04-02T06:32:23","slug":"documents","status":"publish","type":"page","link":"https:\/\/mars-mercure-charleroi.be\/?page_id=47","title":{"rendered":"Documents"},"content":{"rendered":"\n<h2 class=\"wp-block-heading\">Documents administratifs<\/h2>\n\n\n\n<p>P.V. de l&rsquo;Assembl\u00e9e G\u00e9n\u00e9rale du 17 2 2024 : <a href=\"https:\/\/mars-mercure-charleroi.be\/wp-content\/uploads\/2024\/03\/P.V.-de-lAssemblee-Generale-du-17-2-2024.pdf\" data-type=\"link\" data-id=\"https:\/\/mars-mercure-charleroi.be\/wp-content\/uploads\/2024\/03\/P.V.-de-lAssemblee-Generale-du-17-2-2024.pdf\" target=\"_blank\" rel=\"noreferrer noopener\">t\u00e9l\u00e9charger<\/a><\/p>\n\n\n\n<p>Statuts AG 15 MAI 2021 : <a href=\"https:\/\/mars-mercure-charleroi.be\/wp-content\/uploads\/2023\/03\/115_statuts_ag_15_mai_2021.pdf\" data-type=\"attachment\" data-id=\"134\" target=\"_blank\" rel=\"noreferrer noopener\">t\u00e9l\u00e9charger<\/a><\/p>\n\n\n\n<p>ROI Nov 2015 : <a href=\"https:\/\/mars-mercure-charleroi.be\/wp-content\/uploads\/2023\/03\/79_roi_nov_2015.pdf\" data-type=\"attachment\" data-id=\"135\">t\u00e9l\u00e9charger<\/a><\/p>\n\n\n\n<p>R\u00e8glement particulier Club AG 2019 : <a href=\"https:\/\/mars-mercure-charleroi.be\/wp-content\/uploads\/2023\/03\/100_reglement_particulier_approuve_a_l_ag_2019.pdf\" data-type=\"attachment\" data-id=\"136\" target=\"_blank\" rel=\"noreferrer noopener\">t\u00e9l\u00e9charger<\/a><\/p>\n\n\n\n<p>Fiche candidature M &amp; M : <a href=\"https:\/\/mars-mercure-charleroi.be\/wp-content\/uploads\/2023\/03\/98_fiche_candidature_m___m.pdf\" data-type=\"attachment\" data-id=\"137\" target=\"_blank\" rel=\"noreferrer noopener\">t\u00e9l\u00e9charger<\/a><\/p>\n\n\n\n<p>Autorisation usage donn\u00e9es \u00e0 caract\u00e8re personnel : <a href=\"https:\/\/mars-mercure-charleroi.be\/wp-content\/uploads\/2023\/03\/96_autorisation_usage_donnees_a_caractere_personnel.pdf\" data-type=\"attachment\" data-id=\"140\" target=\"_blank\" rel=\"noreferrer noopener\">t\u00e9l\u00e9charger<\/a><\/p>\n","protected":false},"excerpt":{"rendered":"<p>Documents administratifs P.V. de l&rsquo;Assembl\u00e9e G\u00e9n\u00e9rale du 17 2 2024 : t\u00e9l\u00e9charger Statuts AG 15 MAI 2021 : t\u00e9l\u00e9charger ROI<\/p>\n","protected":false},"author":1,"featured_media":0,"parent":0,"menu_order":0,"comment_status":"closed","ping_status":"closed","template":"","meta":{"colormag_page_container_layout":"default_layout","colormag_page_sidebar_layout":"default_layout","footnotes":""},"class_list":["post-47","page","type-page","status-publish","hentry"],"_links":{"self":[{"href":"https:\/\/mars-mercure-charleroi.be\/index.php?rest_route=\/wp\/v2\/pages\/47","targetHints":{"allow":["GET"]}}],"collection":[{"href":"https:\/\/mars-mercure-charleroi.be\/index.php?rest_route=\/wp\/v2\/pages"}],"about":[{"href":"https:\/\/mars-mercure-charleroi.be\/index.php?rest_route=\/wp\/v2\/types\/page"}],"author":[{"embeddable":true,"href":"https:\/\/mars-mercure-charleroi.be\/index.php?rest_route=\/wp\/v2\/users\/1"}],"replies":[{"embeddable":true,"href":"https:\/\/mars-mercure-charleroi.be\/index.php?rest_route=%2Fwp%2Fv2%2Fcomments&post=47"}],"version-history":[{"count":11,"href":"https:\/\/mars-mercure-charleroi.be\/index.php?rest_route=\/wp\/v2\/pages\/47\/revisions"}],"predecessor-version":[{"id":1217,"href":"https:\/\/mars-mercure-charleroi.be\/index.php?rest_route=\/wp\/v2\/pages\/47\/revisions\/1217"}],"wp:attachment":[{"href":"https:\/\/mars-mercure-charleroi.be\/index.php?rest_route=%2Fwp%2Fv2%2Fmedia&parent=47"}],"curies":[{"name":"wp","href":"https:\/\/api.w.org\/{rel}","templated":true}]}}