{"id":43,"date":"2023-03-02T13:21:20","date_gmt":"2023-03-02T12:21:20","guid":{"rendered":"https:\/\/mars-mercure-charleroi.be\/?page_id=43"},"modified":"2026-02-04T08:54:43","modified_gmt":"2026-02-04T07:54:43","slug":"structure_et_organisation","status":"publish","type":"page","link":"https:\/\/mars-mercure-charleroi.be\/?page_id=43","title":{"rendered":"Structure et organisation"},"content":{"rendered":"\n<h2 class=\"wp-block-heading\"><strong>Orient\u00e9 vers l\u2019Europe<\/strong><\/h2>\n\n\n\n<h2 class=\"wp-block-heading\"><strong>&nbsp; &nbsp; &nbsp; &nbsp; &nbsp;G\u00e9r\u00e9 au niveau national<\/strong><\/h2>\n\n\n\n<h2 class=\"wp-block-heading\"><strong>&nbsp; &nbsp; &nbsp; &nbsp; &nbsp; &nbsp; &nbsp; &nbsp; &nbsp; Ancr\u00e9 dans les r\u00e9gions<\/strong><\/h2>\n\n\n\n<div class=\"wp-block-columns is-layout-flex wp-container-core-columns-is-layout-28f84493 wp-block-columns-is-layout-flex\">\n<div class=\"wp-block-column is-layout-flow wp-block-column-is-layout-flow\">\n<h4 class=\"wp-block-heading has-text-align-center\"><a href=\"https:\/\/mars-mercurius.eu\/\">International<\/a><\/h4>\n\n\n\n<p class=\"has-text-align-center\">Avec l\u2019Allemagne, le Danemark, l\u2019Espagne, la France, le Luxembourg, les Pays-Bas, la Pologne et la Suisse,<br>le Cercle Royal Mars &amp; Mercure Belgique fait partie du r\u00e9seau international \u00ab <a href=\"https:\/\/mars-mercurius.eu\/fr\/\">Mars &amp; Mercure Europe<\/a> \u00bb.<\/p>\n\n\n\n<p><\/p>\n<\/div>\n<\/div>\n\n\n\n<div class=\"wp-block-columns is-layout-flex wp-container-core-columns-is-layout-28f84493 wp-block-columns-is-layout-flex\">\n<div class=\"wp-block-column is-layout-flow wp-block-column-is-layout-flow\">\n<h4 class=\"wp-block-heading\"><a href=\"https:\/\/mars-mercurius.be\/\">National<\/a><\/h4>\n\n\n\n<p>Le Cercle Royal Mars &amp; Mercure est une association sans but lucratif ou ASBL.<\/p>\n\n\n\n<p>Le Cercle offre ainsi, \u00e0 tous ses membres, une protection juridique en mati\u00e8re de responsabilit\u00e9.<\/p>\n\n\n\n<p>De plus, les membres b\u00e9n\u00e9ficient d\u2019une assurance&nbsp;\u201cResponsabilit\u00e9 civile et accidents corporels \u2013 activit\u00e9s socio-culturelles\u201d.<\/p>\n\n\n\n<p>L\u2019association est \u00e9videmment structur\u00e9e \u00e0 partir de la base.<\/p>\n\n\n\n<p><\/p>\n<\/div>\n\n\n\n<div class=\"wp-block-column is-layout-flow wp-block-column-is-layout-flow\">\n<h4 class=\"wp-block-heading has-text-align-left\"><a href=\"https:\/\/mars-mercure-charleroi.be\/\">R\u00e9gional &#8211; Charleroi<\/a><\/h4>\n\n\n\n<p>L\u2019adh\u00e9sion effective \u00e0 l\u2019association s\u2019effectue au niveau des clubs r\u00e9gionaux.<\/p>\n\n\n\n<p>Les clubs disposent d\u2019une grande autonomie dans le d\u00e9veloppement et la mise en \u0153uvre des activit\u00e9s r\u00e9gionales.<\/p>\n\n\n\n<p>Le Cercle met \u00e9galement \u00e0 leur disposition les moyens d\u2019exploitation et les installations n\u00e9cessaires \u00e0 cet effet.<\/p>\n\n\n\n<p>Chaque membre de l\u2019association choisit un club particulier auquel il souhaite adh\u00e9rer. Habituellement, c\u2019est le club qui est actif dans sa r\u00e9gion. Cependant, tout membre peut participer comme visiteur \u00e0 une r\u00e9union d\u2019un autre club.<\/p>\n\n\n\n<p><\/p>\n<\/div>\n<\/div>\n\n\n\n<div style=\"height:50px\" aria-hidden=\"true\" class=\"wp-block-spacer\"><\/div>\n\n\n\n<div class=\"wp-block-columns is-layout-flex wp-container-core-columns-is-layout-28f84493 wp-block-columns-is-layout-flex\">\n<div class=\"wp-block-column is-layout-flow wp-block-column-is-layout-flow\">\n<h6 class=\"wp-block-heading\"><strong><u>L\u2019assembl\u00e9e g\u00e9n\u00e9rale du Cercle<\/u><\/strong><\/h6>\n\n\n\n<p>L\u2019ensemble des membres effectifs forme l\u2019assembl\u00e9e g\u00e9n\u00e9rale. <\/p>\n\n\n\n<p>Cet organe dispose de tous les pouvoirs pr\u00e9vus par le \u00ab Code des soci\u00e9t\u00e9s et des associations \u00bb.<\/p>\n\n\n\n<p>L\u2019assembl\u00e9e g\u00e9n\u00e9rale d\u00e9termine la politique du Cercle et en d\u00e9l\u00e8gue la gestion \u00e0 \u00ab\u00a0l\u2019organe d\u2019administration\u00a0\u00bb.<\/p>\n<\/div>\n\n\n\n<div class=\"wp-block-column is-layout-flow wp-block-column-is-layout-flow\">\n<h6 class=\"wp-block-heading\"><strong><u>L\u2019assembl\u00e9e g\u00e9n\u00e9rale du Club<\/u><\/strong><\/h6>\n\n\n\n<p>Ensemble, les membres forment l\u2019assembl\u00e9e g\u00e9n\u00e9rale du club.<\/p>\n\n\n\n<p>Elle d\u00e9termine la politique g\u00e9n\u00e9rale du club et d\u00e9l\u00e8gue la gestion journali\u00e8re du club \u00e0 un \u00ab\u00a0comit\u00e9 de gestion du club\u00a0\u00bb.<\/p>\n\n\n\n<p>L\u2019assembl\u00e9e g\u00e9n\u00e9rale se r\u00e9unit au moins une fois par an. Les points fixes \u00e0 l\u2019ordre du jour sont : les comptes, le programme annuel et la d\u00e9charge au comit\u00e9 de gestion du club. Selon la dur\u00e9e des mandats, on vote \u00e9galement pour le renouvellement ou le remplacement des mandats d\u2019administrateur.<\/p>\n<\/div>\n<\/div>\n\n\n\n<div style=\"height:50px\" aria-hidden=\"true\" class=\"wp-block-spacer\"><\/div>\n\n\n\n<div class=\"wp-block-columns is-layout-flex wp-container-core-columns-is-layout-28f84493 wp-block-columns-is-layout-flex\">\n<div class=\"wp-block-column is-layout-flow wp-block-column-is-layout-flow\">\n<h6 class=\"wp-block-heading\"><strong><u>L\u2019organe d\u2019administration du Cercle<\/u><\/strong><\/h6>\n\n\n\n<p>Chaque club r\u00e9gional d\u00e9l\u00e8gue au moins un membre \u00e0 l\u2019organe d\u2019administration.<\/p>\n\n\n\n<p>Celui-ci \u00e9lit le pr\u00e9sident, le vice-pr\u00e9sident, le secr\u00e9taire et le tr\u00e9sorier.<\/p>\n\n\n\n<p>L\u2019organe d\u2019administration d\u00e9l\u00e8gue la gestion journali\u00e8re de l\u2019association \u00e0 \u00ab\u00a0l\u2019organe de gestion journali\u00e8re\u00a0\u00bb.<\/p>\n\n\n\n<p><\/p>\n\n\n\n<h6 class=\"wp-block-heading\"><strong><u>L\u2019organe de gestion journali\u00e8re<\/u><\/strong><\/h6>\n\n\n\n<p>Le pr\u00e9sident, le vice-pr\u00e9sident, le secr\u00e9taire et le tr\u00e9sorier forment ensemble l\u2019organe de gestion journali\u00e8re, souvent nomm\u00e9 \u00ab le bureau (national)\u00bb.<\/p>\n\n\n\n<p>Ils peuvent \u00eatre renforc\u00e9s par des administrateurs suppl\u00e9mentaires, comme un membre repr\u00e9sentant Mars &amp; Mercure Europe ou des administrateurs charg\u00e9s de missions sp\u00e9cifiques, telles que l\u2019informatique, le site Web, la communication et le p\u00e9riodique national.<\/p>\n<\/div>\n\n\n\n<div class=\"wp-block-column is-layout-flow wp-block-column-is-layout-flow\">\n<h6 class=\"wp-block-heading\"><strong><u>Le comit\u00e9 de gestion du Club<\/u><\/strong><\/h6>\n\n\n\n<p>Chaque club \u00e9lit un pr\u00e9sident, un vice-Pr\u00e9sident, un secr\u00e9taire et un tr\u00e9sorier parmi ses membres.<\/p>\n\n\n\n<p>Ils forment le noyau du comit\u00e9 de gestion du club.<\/p>\n\n\n\n<p>Ce comit\u00e9 peut \u00eatre renforc\u00e9 par des administrateurs suppl\u00e9mentaires avec des responsabilit\u00e9s sp\u00e9cifiques telles que le programme annuel, le recrutement des membres ou avec une fonction g\u00e9n\u00e9rale de conseil.<\/p>\n\n\n\n<p>Le comit\u00e9 de gestion du club est responsable du bon fonctionnement du club. \u00c0 cette fin, il \u00e9labore un programme annuel \u00e9quilibr\u00e9 avec des r\u00e9unions mensuelles et des activit\u00e9s sp\u00e9ciales, conform\u00e9ment \u00e0 la vision et \u00e0 la mission du Cercle. Il assure \u00e9galement une organisation optimale de toutes les activit\u00e9s.<\/p>\n\n\n\n<p>Dans toutes les activit\u00e9s, les traditions de l\u2019association sont maintenues et l\u2019objectif est d\u2019atteindre le haut niveau de qualit\u00e9, de classe et de standing qui y correspond.<\/p>\n<\/div>\n<\/div>\n\n\n\n<div style=\"height:50px\" aria-hidden=\"true\" class=\"wp-block-spacer\"><\/div>\n\n\n\n<p><\/p>\n\n\n\n<h2 class=\"wp-block-heading has-text-align-center\"><strong>Comit\u00e9 de gestion du Club de Charleroi<\/strong><\/h2>\n\n\n\n<figure class=\"wp-block-table\"><table class=\"has-fixed-layout\" style=\"border-style:none;border-width:0px\"><tbody><tr><td class=\"has-text-align-right\" data-align=\"right\"><strong>Fonction<\/strong><\/td><td class=\"has-text-align-left\" data-align=\"left\"><strong>Titulaire<\/strong><\/td><\/tr><tr><td class=\"has-text-align-right\" data-align=\"right\">Pr\u00e9sident<\/td><td class=\"has-text-align-left\" data-align=\"left\">Bernard MERCIER<\/td><\/tr><tr><td class=\"has-text-align-right\" data-align=\"right\">Vice-Pr\u00e9sident<\/td><td class=\"has-text-align-left\" data-align=\"left\">Guy CHARLIER<\/td><\/tr><tr><td class=\"has-text-align-right\" data-align=\"right\">Secr\u00e9taire<\/td><td class=\"has-text-align-left\" data-align=\"left\">Luc WAGNER<\/td><\/tr><tr><td class=\"has-text-align-right\" data-align=\"right\">Tr\u00e9sorier<\/td><td class=\"has-text-align-left\" data-align=\"left\">Luc WAGNER<\/td><\/tr><tr><td class=\"has-text-align-right\" data-align=\"right\">Chef de Protocole<\/td><td class=\"has-text-align-left\" data-align=\"left\">Pol BARBARIN<\/td><\/tr><tr><td class=\"has-text-align-right\" data-align=\"right\">Past Pr\u00e9sident<\/td><td class=\"has-text-align-left\" data-align=\"left\">Aldo BERTOLLO<\/td><\/tr><tr><td class=\"has-text-align-right\" data-align=\"right\">Past Pr\u00e9sident<\/td><td class=\"has-text-align-left\" data-align=\"left\">Pierre DEGREEF<\/td><\/tr><tr><td class=\"has-text-align-right\" data-align=\"right\">Past Pr\u00e9sident<\/td><td class=\"has-text-align-left\" data-align=\"left\">Claude LEGRAND<\/td><\/tr><tr><td class=\"has-text-align-right\" data-align=\"right\">Administrateur<\/td><td class=\"has-text-align-left\" data-align=\"left\">Raymond LEMAIRE<\/td><\/tr><tr><td class=\"has-text-align-right\" data-align=\"right\">Past Pr\u00e9sident<\/td><td class=\"has-text-align-left\" data-align=\"left\">Alain VERLY<\/td><\/tr><\/tbody><\/table><\/figure>\n\n\n\n<p><\/p>\n","protected":false},"excerpt":{"rendered":"<p>Orient\u00e9 vers l\u2019Europe &nbsp; &nbsp; &nbsp; &nbsp; &nbsp;G\u00e9r\u00e9 au niveau national &nbsp; &nbsp; &nbsp; &nbsp; &nbsp; &nbsp; &nbsp; &nbsp; &nbsp;<\/p>\n","protected":false},"author":1,"featured_media":0,"parent":0,"menu_order":0,"comment_status":"closed","ping_status":"closed","template":"","meta":{"colormag_page_container_layout":"default_layout","colormag_page_sidebar_layout":"default_layout","footnotes":""},"class_list":["post-43","page","type-page","status-publish","hentry"],"_links":{"self":[{"href":"https:\/\/mars-mercure-charleroi.be\/index.php?rest_route=\/wp\/v2\/pages\/43","targetHints":{"allow":["GET"]}}],"collection":[{"href":"https:\/\/mars-mercure-charleroi.be\/index.php?rest_route=\/wp\/v2\/pages"}],"about":[{"href":"https:\/\/mars-mercure-charleroi.be\/index.php?rest_route=\/wp\/v2\/types\/page"}],"author":[{"embeddable":true,"href":"https:\/\/mars-mercure-charleroi.be\/index.php?rest_route=\/wp\/v2\/users\/1"}],"replies":[{"embeddable":true,"href":"https:\/\/mars-mercure-charleroi.be\/index.php?rest_route=%2Fwp%2Fv2%2Fcomments&post=43"}],"version-history":[{"count":8,"href":"https:\/\/mars-mercure-charleroi.be\/index.php?rest_route=\/wp\/v2\/pages\/43\/revisions"}],"predecessor-version":[{"id":3873,"href":"https:\/\/mars-mercure-charleroi.be\/index.php?rest_route=\/wp\/v2\/pages\/43\/revisions\/3873"}],"wp:attachment":[{"href":"https:\/\/mars-mercure-charleroi.be\/index.php?rest_route=%2Fwp%2Fv2%2Fmedia&parent=43"}],"curies":[{"name":"wp","href":"https:\/\/api.w.org\/{rel}","templated":true}]}}